{"id":2917,"date":"2025-02-18T03:42:22","date_gmt":"2021-03-09T09:03:37","guid":{"rendered":"https:\/\/eastcoastducaticlub.org\/wp\/about-us\/"},"modified":"2026-03-29T16:19:25","modified_gmt":"2026-03-29T19:19:25","slug":"about-us","status":"publish","type":"page","link":"https:\/\/eastcoastducaticlub.org\/wp\/about-us\/","title":{"rendered":"About Us"},"content":{"rendered":"<p><img fetchpriority=\"high\" decoding=\"async\" width=\"1054\" height=\"403\" src=\"https:\/\/eastcoastducaticlub.org\/wp\/wp-content\/uploads\/2025\/03\/2024-East-Coast-Ducati-Official-Club-AGMs.jpg\" alt=\"2024 East Coast Ducati Official Club AGMs\" srcset=\"https:\/\/eastcoastducaticlub.org\/wp\/wp-content\/uploads\/2025\/03\/2024-East-Coast-Ducati-Official-Club-AGMs.jpg 1054w, https:\/\/eastcoastducaticlub.org\/wp\/wp-content\/uploads\/2025\/03\/2024-East-Coast-Ducati-Official-Club-AGMs-145x55.jpg 145w, https:\/\/eastcoastducaticlub.org\/wp\/wp-content\/uploads\/2025\/03\/2024-East-Coast-Ducati-Official-Club-AGMs-300x115.jpg 300w, https:\/\/eastcoastducaticlub.org\/wp\/wp-content\/uploads\/2025\/03\/2024-East-Coast-Ducati-Official-Club-AGMs-600x229.jpg 600w\" sizes=\"(max-width: 1054px) 100vw, 1054px\" \/>\t\t\t\t\t\t\t\t\t\t\t\t\t\t\t<\/p>\n<h2>About Us<\/h2>\n<p style=\"font-size: 16px;\">We are Atlantic Canada\u2019s Ducati home base. If you\u2019re a\u00a0<b>Ducati owner or enthusiast in Atlantic Canada<\/b>, then join us for a great experience related to these Italian beauties!<\/p>\n<p><!-- \/wp:post-content --><!-- wp:paragraph {\"style\":{\"typography\":{\"fontSize\":\"16px\"}},\"canvasClassName\":\"cnvs-block-core-paragraph-1648054524456\"} --><\/p>\n<p>We are not just a motorcycle club, we are a community of Ducati riders who live for the thrill of the ride. Our mission is to elevate the Ducati experience with unforgettable journeys, a commitment to safe riding, and a bond that goes beyond the road. We carve corners, chase horizons, and give back through charity rides that make a difference. Whether it\u2019s a spirited sprint or a ride for a cause, we hit the road together\u2014stronger, safer, and with purpose. \u00a0\u00a0<\/p>\n<p>We conduct a wide range of events and gatherings to bring together the people who enjoy these machines \u2013 coffee nights, backroad riding, track days, charity rides, and much more. We\u2019re always working to bring new ideas to our club members!<\/p>\n<\/p>\n<p>Our club rides offer members social and practical benefits such as<\/p>\n<\/p>\n<p><strong>Community Building:<\/strong> We foster camaraderie and strengthen bonds among club members by sharing a common passion for riding.\u00a0<\/p>\n<p><strong>We promote Safe Riding Practices:<\/strong> We facilitate Ducati events and opportunities for members to practice group riding etiquette, improve riding skills, and promote road safety.\u00a0<\/p>\n<p><strong>Explore New Routes:<\/strong> We promote the tourism potential of the Atlantic region through our discovery of scenic routes, hidden locations, and popular riding destinations.\u00a0<\/p>\n<p><strong>Consistency in Engagement:<\/strong> We keep members active and engaged with exciting club activities and maintain a sense of belonging.\u00a0<\/p>\n<p><strong>Charity and Awareness Rides:<\/strong> We give back to the community through awareness rides and fundraising support for medical research into common diseases.\u00a0<\/p>\n<\/p>\n<p><strong>Our Members&#8217; Benefits:\u00a0<\/strong><\/p>\n<p><strong>Social Connection:<\/strong> We strengthen friendships and provide a supportive community for riders.\u00a0<\/p>\n<p><strong>Stress Relief &amp; Mental Health:<\/strong> Our group rides offer an escape from daily routines, helping to reduce stress and boost mental well-being.\u00a0<\/p>\n<p><strong>Skill Development:<\/strong> Our regular rides help members become more confident and experienced riders.\u00a0<\/p>\n<p><strong>Sense of Belonging:<\/strong> We build loyalty and pride in our club\u2019s culture and values.\u00a0<\/p>\n<p><strong>Safety in Numbers:<\/strong> Our group rides offer more visibility on the road, which enhances overall safety.\u00a0<\/p>\n<p>Ultimately, our rides create a balance between passion for motorcycles and social connection and promote positive motorcycle culture.\u00a0<\/p>\n<h2>The Club Executives<\/h2>\n<figure>\n\t\t\t\t\t\t\t\t\t\t<img decoding=\"async\" width=\"806\" height=\"604\" src=\"https:\/\/eastcoastducaticlub.org\/wp\/wp-content\/uploads\/2025\/03\/foster1.jpg\" alt=\"\" srcset=\"https:\/\/eastcoastducaticlub.org\/wp\/wp-content\/uploads\/2025\/03\/foster1.jpg 806w, https:\/\/eastcoastducaticlub.org\/wp\/wp-content\/uploads\/2025\/03\/foster1-145x109.jpg 145w, https:\/\/eastcoastducaticlub.org\/wp\/wp-content\/uploads\/2025\/03\/foster1-300x225.jpg 300w, https:\/\/eastcoastducaticlub.org\/wp\/wp-content\/uploads\/2025\/03\/foster1-600x450.jpg 600w\" sizes=\"(max-width: 806px) 100vw, 806px\" \/><figcaption>Scott Foster, President<\/figcaption><\/figure>\n<figure>\n\t\t\t\t\t\t\t\t\t\t<img decoding=\"async\" width=\"809\" height=\"625\" src=\"https:\/\/eastcoastducaticlub.org\/wp\/wp-content\/uploads\/2025\/04\/goochman-classic-ducati.jpg\" alt=\"\" srcset=\"https:\/\/eastcoastducaticlub.org\/wp\/wp-content\/uploads\/2025\/04\/goochman-classic-ducati.jpg 809w, https:\/\/eastcoastducaticlub.org\/wp\/wp-content\/uploads\/2025\/04\/goochman-classic-ducati-145x112.jpg 145w, https:\/\/eastcoastducaticlub.org\/wp\/wp-content\/uploads\/2025\/04\/goochman-classic-ducati-300x232.jpg 300w, https:\/\/eastcoastducaticlub.org\/wp\/wp-content\/uploads\/2025\/04\/goochman-classic-ducati-600x464.jpg 600w\" sizes=\"(max-width: 809px) 100vw, 809px\" \/>\t\t\t\t\t\t\t\t\t\t\t<\/p>\n<figcaption>David Gooch, Secretary<\/figcaption>\n<\/figure>\n<figure>\n\t\t\t\t\t\t\t\t\t\t<img loading=\"lazy\" decoding=\"async\" width=\"778\" height=\"603\" src=\"https:\/\/eastcoastducaticlub.org\/wp\/wp-content\/uploads\/2025\/03\/jide-adesalu1.jpg\" alt=\"\" srcset=\"https:\/\/eastcoastducaticlub.org\/wp\/wp-content\/uploads\/2025\/03\/jide-adesalu1.jpg 778w, https:\/\/eastcoastducaticlub.org\/wp\/wp-content\/uploads\/2025\/03\/jide-adesalu1-145x112.jpg 145w, https:\/\/eastcoastducaticlub.org\/wp\/wp-content\/uploads\/2025\/03\/jide-adesalu1-300x233.jpg 300w, https:\/\/eastcoastducaticlub.org\/wp\/wp-content\/uploads\/2025\/03\/jide-adesalu1-600x465.jpg 600w\" sizes=\"(max-width: 778px) 100vw, 778px\" \/>\t\t\t\t\t\t\t\t\t\t\t<\/p>\n<figcaption>Jide Adesalu, Treasurer<\/figcaption>\n<\/figure>\n<p>\t\t\t\t\t<a href=\"https:\/\/eastcoastducaticlub.org\/wp\/contact\/\"><br \/>\n\t\t\t\t\t\t\t\t\tContact Us<br \/>\n\t\t\t\t\t<\/a><\/p>\n\n<!-- wp:paragraph -->\n<p>Quand on cherche une salle de jeux en ligne exhaustife, <a href=\"https:\/\/total-casinos.org\" target=\"_blank\" rel=\"noreferrer noopener\">casino total<\/a> pr\u00e9sente une exp\u00e9rience qui pla\u00eet aux joueurs francophones. Les \u00e9diteurs les plus connus du secteur fournissent les titres disponibles sur cette plateforme. Les virements et paiements par carte sont trait\u00e9s avec des protocoles de s\u00e9curit\u00e9 s\u00fbrs.<\/p>\n<!-- \/wp:paragraph -->","protected":false},"excerpt":{"rendered":"<p>About Us We are Atlantic Canada\u2019s Ducati home base. If you\u2019re a\u00a0Ducati owner or enthusiast in Atlantic Canada,&hellip;<\/p>\n","protected":false},"author":5,"featured_media":0,"parent":0,"menu_order":0,"comment_status":"closed","ping_status":"closed","template":"elementor_header_footer","meta":{"footnotes":""},"class_list":["post-2917","page","type-page","status-publish","hentry"],"_links":{"self":[{"href":"https:\/\/eastcoastducaticlub.org\/wp\/wp-json\/wp\/v2\/pages\/2917","targetHints":{"allow":["GET"]}}],"collection":[{"href":"https:\/\/eastcoastducaticlub.org\/wp\/wp-json\/wp\/v2\/pages"}],"about":[{"href":"https:\/\/eastcoastducaticlub.org\/wp\/wp-json\/wp\/v2\/types\/page"}],"author":[{"embeddable":true,"href":"https:\/\/eastcoastducaticlub.org\/wp\/wp-json\/wp\/v2\/users\/5"}],"replies":[{"embeddable":true,"href":"https:\/\/eastcoastducaticlub.org\/wp\/wp-json\/wp\/v2\/comments?post=2917"}],"version-history":[{"count":57,"href":"https:\/\/eastcoastducaticlub.org\/wp\/wp-json\/wp\/v2\/pages\/2917\/revisions"}],"predecessor-version":[{"id":5037,"href":"https:\/\/eastcoastducaticlub.org\/wp\/wp-json\/wp\/v2\/pages\/2917\/revisions\/5037"}],"wp:attachment":[{"href":"https:\/\/eastcoastducaticlub.org\/wp\/wp-json\/wp\/v2\/media?parent=2917"}],"curies":[{"name":"wp","href":"https:\/\/api.w.org\/{rel}","templated":true}]}}