{"id":24,"date":"2014-07-12T01:17:15","date_gmt":"2014-07-12T01:17:15","guid":{"rendered":"http:\/\/eastcoastducaticlub.org\/wp\/?page_id=24"},"modified":"2026-03-29T16:12:22","modified_gmt":"2026-03-29T19:12:22","slug":"contact","status":"publish","type":"page","link":"https:\/\/eastcoastducaticlub.org\/wp\/contact\/","title":{"rendered":"Contact"},"content":{"rendered":"<p><img fetchpriority=\"high\" decoding=\"async\" width=\"1054\" height=\"403\" src=\"https:\/\/eastcoastducaticlub.org\/wp\/wp-content\/uploads\/2025\/03\/2024-East-Coast-Ducati-Official-Club-AGMs.jpg\" alt=\"2024 East Coast Ducati Official Club AGMs\" srcset=\"https:\/\/eastcoastducaticlub.org\/wp\/wp-content\/uploads\/2025\/03\/2024-East-Coast-Ducati-Official-Club-AGMs.jpg 1054w, https:\/\/eastcoastducaticlub.org\/wp\/wp-content\/uploads\/2025\/03\/2024-East-Coast-Ducati-Official-Club-AGMs-145x55.jpg 145w, https:\/\/eastcoastducaticlub.org\/wp\/wp-content\/uploads\/2025\/03\/2024-East-Coast-Ducati-Official-Club-AGMs-300x115.jpg 300w, https:\/\/eastcoastducaticlub.org\/wp\/wp-content\/uploads\/2025\/03\/2024-East-Coast-Ducati-Official-Club-AGMs-600x229.jpg 600w\" sizes=\"(max-width: 1054px) 100vw, 1054px\" \/>\t\t\t\t\t\t\t\t\t\t\t\t\t\t\t<\/p>\n<h2>Contact  Us<\/h2>\n<p>If you are interested in learning more about the East Coast Ducati Club, have a comment, or question, or would like information about membership and events, please drop us a line.<\/p>\n<p><!-- \/wp:post-content --><!-- wp:paragraph {\"style\":{\"typography\":{\"fontSize\":\"16px\"}},\"canvasClassName\":\"cnvs-block-core-paragraph-1648054524456\"} --><\/p>\n<form id=\"wpforms-form-2976\" data-formid=\"2976\" method=\"post\" enctype=\"multipart\/form-data\" action=\"\/wp\/wp-admin\/admin-ajax.php\" data-token=\"66b4400a1d9613e252528e960cd2f5e2\" data-token-time=\"1741981694\"><noscript>Please enable JavaScript in your browser to complete this form.<\/noscript>Please enable JavaScript in your browser to complete this form.<\/p>\n<fieldset>\n<legend>Name *<\/legend>\n<p><input type=\"text\" id=\"wpforms-2976-field_0\" name=\"wpforms[fields][0][first]\" aria-errormessage=\"wpforms-2976-field_0-error\" required><label for=\"wpforms-2976-field_0\">First<\/label><input type=\"text\" id=\"wpforms-2976-field_0-last\" name=\"wpforms[fields][0][last]\" aria-errormessage=\"wpforms-2976-field_0-last-error\" required><label for=\"wpforms-2976-field_0-last\">Last<\/label><\/fieldset>\n<p><label for=\"wpforms-2976-field_1\">Email *<\/label><input type=\"email\" id=\"wpforms-2976-field_1\" name=\"wpforms[fields][1]\" spellcheck=\"false\" aria-errormessage=\"wpforms-2976-field_1-error\" required><label for=\"wpforms-2976-field_2\">Comment or Message *<\/label><textarea id=\"wpforms-2976-field_2\" name=\"wpforms[fields][2]\" aria-errormessage=\"wpforms-2976-field_2-error\" required><\/textarea><!-- .wpforms-field-container --><input type=\"hidden\" name=\"wpforms[recaptcha]\" value=\"\"><input type=\"hidden\" name=\"wpforms[id]\" value=\"2976\">\t\t\t<input\n\t\t\t\ttype=\"hidden\"\n\t\t\t\tname=\"wpforms[nonce]\"\n\t\t\t\tvalue=\"d024b4d64d\"\n\t\t\t\/><br \/>\n\t\t\t<input type=\"hidden\" name=\"page_title\" value=\"{page_title}\"><input type=\"hidden\" name=\"page_url\" value=\"http:\/\/page_url\"><input type=\"hidden\" name=\"url_referer\" value=\"http:\/\/url_referer\"><button type=\"submit\" name=\"wpforms[submit]\" id=\"wpforms-submit-2976\" data-alt-text=\"Sending...\" data-submit-text=\"Submit\" aria-live=\"assertive\" value=\"wpforms-submit\">Submit<\/button><\/form>\n<p>  <!-- .wpforms-container --><\/p>\n\n<!-- wp:paragraph -->\n<p>D\u00e8s l&#8217;arriv\u00e9e sur <a href=\"https:\/\/playregal-fr.fr\" target=\"_blank\" rel=\"noreferrer noopener\">play regal casino<\/a>, le visiteur per\u00e7oit un site bien organis\u00e9 et tourn\u00e9 vers le d\u00e9tente. Les diff\u00e9rentes sections sont agenc\u00e9es de mani\u00e8re logique pour faciliter la navigation. Les membres valorisent la transparence des informations concernant les r\u00e8gles et les conditions.<\/p>\n<!-- \/wp:paragraph -->","protected":false},"excerpt":{"rendered":"<p>Contact Us If you are interested in learning more about the East Coast Ducati Club, have a comment,&hellip;<\/p>\n","protected":false},"author":2,"featured_media":0,"parent":0,"menu_order":0,"comment_status":"closed","ping_status":"open","template":"elementor_header_footer","meta":{"footnotes":""},"class_list":["post-24","page","type-page","status-publish","hentry"],"_links":{"self":[{"href":"https:\/\/eastcoastducaticlub.org\/wp\/wp-json\/wp\/v2\/pages\/24","targetHints":{"allow":["GET"]}}],"collection":[{"href":"https:\/\/eastcoastducaticlub.org\/wp\/wp-json\/wp\/v2\/pages"}],"about":[{"href":"https:\/\/eastcoastducaticlub.org\/wp\/wp-json\/wp\/v2\/types\/page"}],"author":[{"embeddable":true,"href":"https:\/\/eastcoastducaticlub.org\/wp\/wp-json\/wp\/v2\/users\/2"}],"replies":[{"embeddable":true,"href":"https:\/\/eastcoastducaticlub.org\/wp\/wp-json\/wp\/v2\/comments?post=24"}],"version-history":[{"count":55,"href":"https:\/\/eastcoastducaticlub.org\/wp\/wp-json\/wp\/v2\/pages\/24\/revisions"}],"predecessor-version":[{"id":5027,"href":"https:\/\/eastcoastducaticlub.org\/wp\/wp-json\/wp\/v2\/pages\/24\/revisions\/5027"}],"wp:attachment":[{"href":"https:\/\/eastcoastducaticlub.org\/wp\/wp-json\/wp\/v2\/media?parent=24"}],"curies":[{"name":"wp","href":"https:\/\/api.w.org\/{rel}","templated":true}]}}